{"id":146,"date":"2018-06-09T17:39:37","date_gmt":"2018-06-09T15:39:37","guid":{"rendered":"http:\/\/kirha.aufserver2.hieriminternet.de\/foerderverein\/?page_id=146"},"modified":"2018-06-09T17:40:03","modified_gmt":"2018-06-09T15:40:03","slug":"datenschutzerklaerung","status":"publish","type":"page","link":"https:\/\/kirha.aufserver2.hieriminternet.de\/foerderverein\/?page_id=146","title":{"rendered":"Datenschutzerkl\u00e4rung"},"content":{"rendered":"<h1>I.\u00a0\u00a0\u00a0\u00a0\u00a0\u00a0\u00a0\u00a0\u00a0 Name und Anschrift des Verantwortlichen<\/h1>\n<p>Der Verantwortliche im Sinne der Datenschutz-Grundverordnung und anderer nationaler Datenschutzgesetze der Mitgliedsstaaten sowie sonstiger datenschutzrechtlicher Bestimmungen ist der:<\/p>\n<p>F\u00f6rderverein Heilig-Geist-Kirche-Rhade e. V.<br \/>\nVertreten durch den Vorsitzenden des Vorstands: Maik Walpuski<\/p>\n<p>Gemener Str. 22<\/p>\n<p>46286 Dorsten<\/p>\n<p>Deutschland<\/p>\n<p>E-Mail: walpuski@kirha.de<\/p>\n<h1>II.\u00a0\u00a0\u00a0\u00a0\u00a0\u00a0\u00a0\u00a0\u00a0 Allgemeines zur Datenverarbeitung<\/h1>\n<h6>1.\u00a0\u00a0\u00a0\u00a0\u00a0\u00a0\u00a0 Umfang der Verarbeitung personenbezogener Daten<\/h6>\n<p>Wir verarbeiten personenbezogene Daten unserer Nutzer grunds\u00e4tzlich nur, soweit dies zur Bereitstellung einer funktionsf\u00e4higen Website sowie unserer Inhalte und Leistungen erforderlich ist. Die Verarbeitung personenbezogener Daten unserer Nutzer erfolgt regelm\u00e4\u00dfig nur nach Einwilligung des Nutzers. Eine Ausnahme gilt in solchen F\u00e4llen, in denen eine vorherige Einholung einer Einwilligung aus tats\u00e4chlichen Gr\u00fcnden nicht m\u00f6glich ist und die Verarbeitung der Daten durch gesetzliche Vorschriften gestattet ist.<\/p>\n<h6>2.\u00a0\u00a0\u00a0\u00a0\u00a0\u00a0\u00a0 Rechtsgrundlage f\u00fcr die Verarbeitung personenbezogener Daten<\/h6>\n<p>Soweit wir f\u00fcr Verarbeitungsvorg\u00e4nge personenbezogener Daten eine Einwilligung der betroffenen Person einholen, dient Art.\u00a06 Abs.\u00a01 lit.\u00a0a EU-Datenschutzgrundverordnung (DSGVO) als Rechtsgrundlage.<\/p>\n<p>Bei der Verarbeitung von personenbezogenen Daten, die zur Erf\u00fcllung eines Vertrages, dessen Vertragspartei die betroffene Person ist, erforderlich ist, dient Art.\u00a06 Abs.\u00a01 lit.\u00a0b DSGVO als Rechtsgrundlage. Dies gilt auch f\u00fcr Verarbeitungsvorg\u00e4nge, die zur Durchf\u00fchrung vorvertraglicher Ma\u00dfnahmen erforderlich sind.<\/p>\n<p>Soweit eine Verarbeitung personenbezogener Daten zur Erf\u00fcllung einer rechtlichen Verpflichtung erforderlich ist, der unser Unternehmen unterliegt, dient Art.\u00a06 Abs.\u00a01 lit.\u00a0c DSGVO als Rechtsgrundlage.<\/p>\n<p>F\u00fcr den Fall, dass lebenswichtige Interessen der betroffenen Person oder einer anderen nat\u00fcrlichen Person eine Verarbeitung personenbezogener Daten erforderlich machen, dient Art.\u00a06 Abs.\u00a01 lit.\u00a0d DSGVO als Rechtsgrundlage.<\/p>\n<p>Ist die Verarbeitung zur Wahrung eines berechtigten Interesses unseres Unternehmens oder eines Dritten erforderlich und \u00fcberwiegen die Interessen, Grundrechte und Grundfreiheiten des Betroffenen das erstgenannte Interesse nicht, so dient Art.\u00a06 Abs.\u00a01 lit.\u00a0f DSGVO als Rechtsgrundlage f\u00fcr die Verarbeitung.<\/p>\n<h6>3.\u00a0\u00a0\u00a0\u00a0\u00a0\u00a0\u00a0 Datenl\u00f6schung und Speicherdauer<\/h6>\n<p>Die personenbezogenen Daten der betroffenen Person werden gel\u00f6scht oder gesperrt, sobald der Zweck der Speicherung entf\u00e4llt. Eine Speicherung kann dar\u00fcber hinaus erfolgen, wenn dies durch den europ\u00e4ischen oder nationalen Gesetzgeber in unionsrechtlichen Verordnungen, Gesetzen oder sonstigen Vorschriften, denen der Verantwortliche unterliegt, vorgesehen wurde. Eine Sperrung oder L\u00f6schung der Daten erfolgt auch dann, wenn eine durch die genannten Normen vorgeschriebene Speicherfrist abl\u00e4uft, es sei denn, dass eine Erforderlichkeit zur weiteren Speicherung der Daten f\u00fcr einen Vertragsabschluss oder eine Vertragserf\u00fcllung besteht.<\/p>\n<h1>III.\u00a0\u00a0\u00a0\u00a0\u00a0\u00a0\u00a0\u00a0\u00a0 Bereitstellung der Website und Erstellung von Logfiles<\/h1>\n<h6>1.\u00a0\u00a0\u00a0\u00a0\u00a0\u00a0\u00a0 Beschreibung und Umfang der Datenverarbeitung<\/h6>\n<p>Bei jedem Aufruf unserer Internetseite erfasst unser System automatisiert Daten und Informationen vom Computersystem des aufrufenden Rechners.<\/p>\n<p>Folgende Daten werden hierbei erhoben:<\/p>\n<p>(1)\u00a0\u00a0 Informationen \u00fcber den Browsertyp und die verwendete Version<\/p>\n<p>(2)\u00a0\u00a0 Das Betriebssystem des Nutzers<\/p>\n<p>(3)\u00a0\u00a0 Den Internet-Service-Provider des Nutzers<\/p>\n<p>(4)\u00a0\u00a0 Die IP-Adresse des Nutzers<\/p>\n<p>(5)\u00a0\u00a0 Datum und Uhrzeit des Zugriffs<\/p>\n<p>Die Daten werden nur f\u00fcr die Dauer der Sitzung innerhalb unseres Systems verf\u00fcgbar gehalten. Eine Speicherung dieser Daten zusammen mit anderen personenbezogenen Daten des Nutzers findet nicht statt.<\/p>\n<h6>2.\u00a0\u00a0\u00a0\u00a0\u00a0\u00a0\u00a0 Rechtsgrundlage f\u00fcr die Datenverarbeitung<\/h6>\n<p>Rechtsgrundlage f\u00fcr die vor\u00fcbergehende Speicherung der Daten ist Art.\u00a06 Abs.\u00a01 lit.\u00a0f DSGVO.<\/p>\n<h6>3.\u00a0\u00a0\u00a0\u00a0\u00a0\u00a0\u00a0 Zweck der Datenverarbeitung<\/h6>\n<p>Die vor\u00fcbergehende Speicherung der IP-Adresse durch das System ist notwendig, um eine Auslieferung der Website an den Rechner des Nutzers zu erm\u00f6glichen. Hierf\u00fcr muss die IP-Adresse des Nutzers f\u00fcr die Dauer der Sitzung gespeichert bleiben. In diesen Zwecken liegt auch unser berechtigtes Interesse an der Datenverarbeitung nach Art.\u00a06 Abs.\u00a01 lit.\u00a0f DSGVO.<\/p>\n<h6>4. \u00a0\u00a0\u00a0\u00a0\u00a0\u00a0 Dauer der Speicherung<\/h6>\n<p>Die Daten werden gel\u00f6scht, sobald sie f\u00fcr die Erreichung des Zweckes ihrer Erhebung nicht mehr erforderlich sind. Im Falle der Erfassung der Daten zur Bereitstellung der Website ist dies der Fall, wenn die jeweilige Sitzung beendet ist.<\/p>\n<h6>5.\u00a0\u00a0\u00a0\u00a0\u00a0\u00a0\u00a0 Widerspruchs- und Beseitigungsm\u00f6glichkeit<\/h6>\n<p>Die Erfassung der Daten zur Bereitstellung der Website und die Speicherung der Daten in Logfiles ist f\u00fcr den Betrieb der Internetseite zwingend erforderlich. Es besteht folglich seitens des Nutzers keine Widerspruchsm\u00f6glichkeit.<\/p>\n","protected":false},"excerpt":{"rendered":"<p>I.\u00a0\u00a0\u00a0\u00a0\u00a0\u00a0\u00a0\u00a0\u00a0 Name und Anschrift des Verantwortlichen Der Verantwortliche im Sinne der Datenschutz-Grundverordnung und anderer nationaler Datenschutzgesetze der Mitgliedsstaaten sowie sonstiger datenschutzrechtlicher Bestimmungen ist der: F\u00f6rderverein Heilig-Geist-Kirche-Rhade e. V. Vertreten durch den Vorsitzenden des Vorstands: Maik Walpuski Gemener Str. 22 46286 Dorsten Deutschland E-Mail: walpuski@kirha.de II.\u00a0\u00a0\u00a0\u00a0\u00a0\u00a0\u00a0\u00a0\u00a0 Allgemeines zur Datenverarbeitung 1.\u00a0\u00a0\u00a0\u00a0\u00a0\u00a0\u00a0 Umfang der Verarbeitung personenbezogener Daten Wir &hellip; <\/p>\n<p class=\"link-more\"><a href=\"https:\/\/kirha.aufserver2.hieriminternet.de\/foerderverein\/?page_id=146\" class=\"more-link\"><span class=\"screen-reader-text\">\u201eDatenschutzerkl\u00e4rung\u201c <\/span>weiterlesen<\/a><\/p>\n","protected":false},"author":2,"featured_media":0,"parent":0,"menu_order":0,"comment_status":"closed","ping_status":"closed","template":"","meta":{"footnotes":""},"class_list":["post-146","page","type-page","status-publish","hentry"],"_links":{"self":[{"href":"https:\/\/kirha.aufserver2.hieriminternet.de\/foerderverein\/index.php?rest_route=\/wp\/v2\/pages\/146","targetHints":{"allow":["GET"]}}],"collection":[{"href":"https:\/\/kirha.aufserver2.hieriminternet.de\/foerderverein\/index.php?rest_route=\/wp\/v2\/pages"}],"about":[{"href":"https:\/\/kirha.aufserver2.hieriminternet.de\/foerderverein\/index.php?rest_route=\/wp\/v2\/types\/page"}],"author":[{"embeddable":true,"href":"https:\/\/kirha.aufserver2.hieriminternet.de\/foerderverein\/index.php?rest_route=\/wp\/v2\/users\/2"}],"replies":[{"embeddable":true,"href":"https:\/\/kirha.aufserver2.hieriminternet.de\/foerderverein\/index.php?rest_route=%2Fwp%2Fv2%2Fcomments&post=146"}],"version-history":[{"count":2,"href":"https:\/\/kirha.aufserver2.hieriminternet.de\/foerderverein\/index.php?rest_route=\/wp\/v2\/pages\/146\/revisions"}],"predecessor-version":[{"id":148,"href":"https:\/\/kirha.aufserver2.hieriminternet.de\/foerderverein\/index.php?rest_route=\/wp\/v2\/pages\/146\/revisions\/148"}],"wp:attachment":[{"href":"https:\/\/kirha.aufserver2.hieriminternet.de\/foerderverein\/index.php?rest_route=%2Fwp%2Fv2%2Fmedia&parent=146"}],"curies":[{"name":"wp","href":"https:\/\/api.w.org\/{rel}","templated":true}]}}